{"id":268,"date":"2023-02-10T13:09:47","date_gmt":"2023-02-10T12:09:47","guid":{"rendered":"http:\/\/www.carpelocum.ch\/?page_id=268"},"modified":"2023-02-10T13:16:37","modified_gmt":"2023-02-10T12:16:37","slug":"bienvenue","status":"publish","type":"page","link":"https:\/\/www.carpelocum.ch\/","title":{"rendered":"Bienvenue"},"content":{"rendered":"\n<h3 class=\"wp-block-heading\"><br><br><\/h3>\n\n\n\n<p class=\"has-medium-font-size\">L\u2019association <strong>&#8216;Carpe Locum<\/strong>&#8216; est une plateforme d\u2019\u00e9dition de projets num\u00e9riques.<\/p>\n\n\n\n<p class=\"has-medium-font-size\"><strong>Carpe Locum<\/strong> envisage une technologie digitale au service du lien social et de la proximit\u00e9. Une attention particuli\u00e8re est ainsi \u00e0 chaque fois consacr\u00e9 \u00e0 la valorisation des patrimoines et des m\u00e9moires locales.<\/p>\n\n\n\n<p class=\"has-medium-font-size\">Que ce soit pour concr\u00e9tiser nos propres id\u00e9es ou pour vous accompagner dans la r\u00e9alisation de votre projet, nous nous attachons \u00e0&nbsp;:<\/p>\n\n\n\n<p class=\"has-medium-font-size\">&#8211; r\u00e9aliser et sc\u00e9nographier des contenus digitaux pour les inscrire dans une g\u00e9ographie&nbsp;;<\/p>\n\n\n\n<p class=\"has-medium-font-size\">&#8211; \u00e0 imaginer et sc\u00e9nariser des usages impliquant le num\u00e9rique et la technologie mobile.<\/p>\n\n\n\n<p class=\"has-medium-font-size\">Nous sommes ouverts \u00e0 toute collaboration visant pr\u00e9senter de fa\u00e7on originale et novatrice votre univers particulier&nbsp;; qu\u2019il soit scientifique, culturel, informatif, social, ludique ou autre.<\/p>\n","protected":false},"excerpt":{"rendered":"<p>L\u2019association &#8216;Carpe Locum&#8216; est une plateforme d\u2019\u00e9dition de projets num\u00e9riques. Carpe Locum envisage une technologie digitale au service du lien social et de la proximit\u00e9. Une attention particuli\u00e8re est ainsi \u00e0 chaque fois consacr\u00e9 \u00e0 la valorisation des patrimoines et des m\u00e9moires locales. Que ce&nbsp;<a class=\"read-more\" href=\"https:\/\/www.carpelocum.ch\/\">&hellip;<\/a><\/p>\n","protected":false},"author":1,"featured_media":0,"parent":0,"menu_order":0,"comment_status":"closed","ping_status":"closed","template":"","meta":{"footnotes":""},"class_list":["post-268","page","type-page","status-publish","hentry"],"_links":{"self":[{"href":"https:\/\/www.carpelocum.ch\/index.php\/wp-json\/wp\/v2\/pages\/268","targetHints":{"allow":["GET"]}}],"collection":[{"href":"https:\/\/www.carpelocum.ch\/index.php\/wp-json\/wp\/v2\/pages"}],"about":[{"href":"https:\/\/www.carpelocum.ch\/index.php\/wp-json\/wp\/v2\/types\/page"}],"author":[{"embeddable":true,"href":"https:\/\/www.carpelocum.ch\/index.php\/wp-json\/wp\/v2\/users\/1"}],"replies":[{"embeddable":true,"href":"https:\/\/www.carpelocum.ch\/index.php\/wp-json\/wp\/v2\/comments?post=268"}],"version-history":[{"count":3,"href":"https:\/\/www.carpelocum.ch\/index.php\/wp-json\/wp\/v2\/pages\/268\/revisions"}],"predecessor-version":[{"id":273,"href":"https:\/\/www.carpelocum.ch\/index.php\/wp-json\/wp\/v2\/pages\/268\/revisions\/273"}],"wp:attachment":[{"href":"https:\/\/www.carpelocum.ch\/index.php\/wp-json\/wp\/v2\/media?parent=268"}],"curies":[{"name":"wp","href":"https:\/\/api.w.org\/{rel}","templated":true}]}}