{"id":383,"date":"2023-09-12T11:00:14","date_gmt":"2023-09-12T09:00:14","guid":{"rendered":"http:\/\/www.carpelocum.ch\/?page_id=383"},"modified":"2025-07-21T21:26:43","modified_gmt":"2025-07-21T19:26:43","slug":"liconographe","status":"publish","type":"page","link":"https:\/\/www.carpelocum.ch\/index.php\/liconographe\/","title":{"rendered":"L&#8217;Iconographe"},"content":{"rendered":"\n<div class=\"wp-block-columns is-layout-flex wp-container-core-columns-is-layout-9d6595d7 wp-block-columns-is-layout-flex\">\n<div class=\"wp-block-column is-layout-flow wp-block-column-is-layout-flow\" style=\"flex-basis:33.33%\">\n<figure class=\"wp-block-image size-full is-resized is-style-default\"><a href=\"https:\/\/liconographe.ch\/\" target=\"_blank\" rel=\"noreferrer noopener\"><img loading=\"lazy\" decoding=\"async\" width=\"340\" height=\"340\" src=\"http:\/\/www.carpelocum.ch\/wp-content\/uploads\/2024\/04\/LOGO-ICONO-vector-2-site.png\" alt=\"\" class=\"wp-image-421\" style=\"width:222px;height:228px\" srcset=\"https:\/\/www.carpelocum.ch\/wp-content\/uploads\/2024\/04\/LOGO-ICONO-vector-2-site.png 340w, https:\/\/www.carpelocum.ch\/wp-content\/uploads\/2024\/04\/LOGO-ICONO-vector-2-site-300x300.png 300w, https:\/\/www.carpelocum.ch\/wp-content\/uploads\/2024\/04\/LOGO-ICONO-vector-2-site-150x150.png 150w\" sizes=\"auto, (max-width: 340px) 100vw, 340px\" \/><\/a><figcaption class=\"wp-element-caption\"><sub><strong><a href=\"https:\/\/liconographe.ch\/\" target=\"_blank\" rel=\"noreferrer noopener\">lien vers le site<\/a><\/strong><\/sub><\/figcaption><\/figure>\n\n\n\n<p>Tous les podcast sur <strong><a href=\"https:\/\/liconographe.ch\/nos-podcasts-phototriptyque-liconographe-ch\/\" target=\"_blank\" rel=\"noreferrer noopener\">liconographe.ch<\/a><\/strong><\/p>\n<\/div>\n\n\n\n<div class=\"wp-block-column is-layout-flow wp-block-column-is-layout-flow\" style=\"flex-basis:66.66%\">\n<p class=\"has-medium-font-size\"><strong>CARPE LOCUM<\/strong> est particuli\u00e8rement fier d&#8217;apporter sa pierre \u00e0 l&#8217;\u00e9difice de cette belle aventure, essentiellement conduite par deux neuch\u00e2telois.e <strong>Anne Wyrsch<\/strong> (iconographe au journal Le Temps) et <strong>Massimiliano Baldassarri<\/strong> (curateur, artiste plasticien et sonore).<\/p>\n\n\n\n<p style=\"font-size:30px\"><strong>Introduction<\/strong><\/p>\n\n\n\n<p class=\"has-text-align-left has-medium-font-size\"><strong>L\u2019ICONOGRAPHE<\/strong> est une plateforme ind\u00e9pendante de production et de diffusions de podcasts. Elle donnent la parole aux diff\u00e9rents.es acteurs.trices, professionel.les des m\u00e9tiers de la photographie, de l\u2019\u00e9dition, de l&#8217;art et de la diffusion des images. L&#8217;ICONOGRAPHE s&#8217;adresse \u00e0 un large public passionn\u00e9 par les images et par les coulisses de leurs productions et de leurs diffusions. Elle mets en ondes et en lumi\u00e8re le travail de photographes, d\u2019artistes et de cr\u00e9ateur.rices professionnel.les de suisse romande et d&#8217;ailleurs.<\/p>\n<\/div>\n<\/div>\n\n\n\n<p style=\"font-size:30px\"><strong>Nos podcasts et nos invit\u00e9.es<\/strong><\/p>\n\n\n\n<p class=\"has-medium-font-size\">Nous r\u00e9alisons des podcasts natifs dans lesquels nous privil\u00e9gions la rencontre et les \u00e9changes<br>autour de la pratique d\u2019un m\u00e9tier et d\u2019une passion. A travers des entretiens, des reportages et des interviews, nos podcasts proposent des rencontres et des \u00e9changes avec des invit\u00e9.es passionn\u00e9.es et passionnants dans un cadre intimiste ou insolite. Ils laissent place \u00e0 des r\u00e9cits singuliers, des histoires qui mettent en lumi\u00e8re divers aspects (parfois m\u00e9connus) du parcours, de la personnalit\u00e9 ou de la pratique artistique de nos invit\u00e9.es.<\/p>\n\n\n\n<p style=\"font-size:30px\"><strong>Phototriptyque (Saison_1)<\/strong><\/p>\n\n\n\n<p class=\"has-large-font-size\"><strong>Une s\u00e9rie de 6 \u00e9pisodes de 25\u2019 \/ saison 1 \/ <\/strong><\/p>\n\n\n\n<p class=\"has-large-font-size\"><strong>diffus\u00e9e entre avril 2024 et juillet 2025.<\/strong><\/p>\n\n\n\n<p class=\"has-medium-font-size\">Cette premi\u00e8re s\u00e9rie de podcasts propose des entretiens originaux entre une iconographe<br>sp\u00e9cialis\u00e9e dans l\u2019image de presse et des photographes ayant une activit\u00e9 professionnelle en lien avec le photojournalisme. Le podcast est enregistr\u00e9 dans la cuisine de notre intervieweuse.<br>Trois images choisies avec l\u2019invit\u00e9.e servent de fil rouge \u00e0 cet \u00e9change. Ainsi, on pourra esquisser un portrait en creux du.de la photographe invit\u00e9.e et de son travail.<\/p>\n\n\n\n<p class=\"has-medium-font-size\"><strong>PHOTOTRIPTYQUE<\/strong> (une s\u00e9rie de 6 \u00e9pisodes de 20\u2019 \/ saison 1 \/ premi\u00e8re diffusion avril 2024).<br>Un podcast de <strong>Anne Wyrsch<\/strong> (iconographie au journal Le Temps.)<br>Produit et r\u00e9alis\u00e9 par <strong>Massimiliano Baldassarri <\/strong>(pour <a href=\"http:\/\/nexusfabulae.ch\" target=\"_blank\" rel=\"noreferrer noopener\">NexusFabulae<\/a> et <a href=\"http:\/\/liconographe.ch\" data-type=\"link\" data-id=\"liconographe.ch\" target=\"_blank\" rel=\"noreferrer noopener\">L\u2019Iconographe<\/a>).<\/p>\n\n\n\n<div class=\"wp-block-columns is-layout-flex wp-container-core-columns-is-layout-9d6595d7 wp-block-columns-is-layout-flex\">\n<div class=\"wp-block-column is-layout-flow wp-block-column-is-layout-flow\">\n<p class=\"has-medium-font-size\">Episode 1 \/ <strong><a href=\"https:\/\/liconographe.ch\/nos-podcasts-phototriptyque-liconographe-ch\/eddy-mottaz-photographe-de-presse\/\" target=\"_blank\" rel=\"noreferrer noopener\">Eddy Mottaz<\/a><\/strong> <\/p>\n\n\n\n<p class=\"has-medium-font-size\">Episode 2 \/ <strong><a href=\"https:\/\/liconographe.ch\/nos-podcasts-phototriptyque-liconographe-ch\/karine-bauzin-photographe-independante\/\" target=\"_blank\" rel=\"noreferrer noopener\">Karine Bauzin<\/a><\/strong><\/p>\n\n\n\n<p class=\"has-medium-font-size\">Episode 3 \/ <strong><a href=\"https:\/\/liconographe.ch\/laurent-guiraud-photographe-de-presse\/\" target=\"_blank\" rel=\"noreferrer noopener\">Laurent Guiraud<\/a><\/strong><\/p>\n\n\n\n<p class=\"has-medium-font-size\">Episode 4 \/<strong> <a href=\"https:\/\/liconographe.ch\/david-wagnieres-page-perso-ep4-s1\/\" target=\"_blank\" rel=\"noreferrer noopener\">David Wagni\u00e8res<\/a><\/strong><\/p>\n\n\n\n<p class=\"has-medium-font-size\">Episode 5 \/<strong> <a href=\"https:\/\/liconographe.ch\/rebecca-bowring-page-perso-ep5-s1\/\" target=\"_blank\" rel=\"noreferrer noopener\">Rebecca Bowring<\/a><\/strong><\/p>\n\n\n\n<p class=\"has-medium-font-size\">Episode 6 \/<strong> <a href=\"https:\/\/liconographe.ch\/magali-girardin-page-perso-ep6-s1\/\" target=\"_blank\" rel=\"noreferrer noopener\">Magali Girardin<\/a><\/strong><\/p>\n<\/div>\n\n\n\n<div class=\"wp-block-column is-layout-flow wp-block-column-is-layout-flow\">\n<p class=\"has-medium-font-size\"><\/p>\n<\/div>\n\n\n\n<div class=\"wp-block-column is-layout-flow wp-block-column-is-layout-flow\">\n<p class=\"has-medium-font-size\"><\/p>\n\n\n\n<p><\/p>\n\n\n\n<p><\/p>\n<\/div>\n<\/div>\n\n\n\n<p class=\"has-medium-font-size\"><strong>Fin de la saison 1 \/ 6 \u00e9pisodes diffus\u00e9s entre avril 2024 et juillet 2025 \/ Saison 2 (en pr\u00e9paration) -premi\u00e8re diffusion septembre-octobre 2025<\/strong><\/p>\n\n\n\n<p><\/p>\n","protected":false},"excerpt":{"rendered":"<p>Tous les podcast sur liconographe.ch CARPE LOCUM est particuli\u00e8rement fier d&#8217;apporter sa pierre \u00e0 l&#8217;\u00e9difice de cette belle aventure, essentiellement conduite par deux neuch\u00e2telois.e Anne Wyrsch (iconographe au journal Le Temps) et Massimiliano Baldassarri (curateur, artiste plasticien et sonore). Introduction L\u2019ICONOGRAPHE est une plateforme ind\u00e9pendante&nbsp;<a class=\"read-more\" href=\"https:\/\/www.carpelocum.ch\/index.php\/liconographe\/\">&hellip;<\/a><\/p>\n","protected":false},"author":1,"featured_media":0,"parent":0,"menu_order":0,"comment_status":"closed","ping_status":"closed","template":"","meta":{"footnotes":""},"class_list":["post-383","page","type-page","status-publish","hentry"],"_links":{"self":[{"href":"https:\/\/www.carpelocum.ch\/index.php\/wp-json\/wp\/v2\/pages\/383","targetHints":{"allow":["GET"]}}],"collection":[{"href":"https:\/\/www.carpelocum.ch\/index.php\/wp-json\/wp\/v2\/pages"}],"about":[{"href":"https:\/\/www.carpelocum.ch\/index.php\/wp-json\/wp\/v2\/types\/page"}],"author":[{"embeddable":true,"href":"https:\/\/www.carpelocum.ch\/index.php\/wp-json\/wp\/v2\/users\/1"}],"replies":[{"embeddable":true,"href":"https:\/\/www.carpelocum.ch\/index.php\/wp-json\/wp\/v2\/comments?post=383"}],"version-history":[{"count":39,"href":"https:\/\/www.carpelocum.ch\/index.php\/wp-json\/wp\/v2\/pages\/383\/revisions"}],"predecessor-version":[{"id":576,"href":"https:\/\/www.carpelocum.ch\/index.php\/wp-json\/wp\/v2\/pages\/383\/revisions\/576"}],"wp:attachment":[{"href":"https:\/\/www.carpelocum.ch\/index.php\/wp-json\/wp\/v2\/media?parent=383"}],"curies":[{"name":"wp","href":"https:\/\/api.w.org\/{rel}","templated":true}]}}