{"id":40,"date":"2022-05-28T06:41:32","date_gmt":"2022-05-28T04:41:32","guid":{"rendered":"http:\/\/www.carpelocum.ch\/?page_id=40"},"modified":"2022-05-28T06:41:32","modified_gmt":"2022-05-28T04:41:32","slug":"pour-les-usagers","status":"publish","type":"page","link":"https:\/\/www.carpelocum.ch\/index.php\/pour-les-usagers\/","title":{"rendered":"Pour les Usagers"},"content":{"rendered":"\n<p class=\"has-medium-font-size\">Rester en lien&nbsp;avec l&#8217;actualit\u00e9 des associations de sa commune, \u00eatre au courant de l&#8217;offre culturelle, des initiatives de chacun, est certainement une clef pour vitaliser le sentiment d&#8217;appartenance \u00e0 une r\u00e9gion, un socle pour cultiver une convivialit\u00e9 v\u00e9cue,&nbsp; la base pour \u00eatre participe d&#8217;une \u00e9conomie de proximit\u00e9, respectueuse du tissu social.<\/p>\n\n\n\n<p class=\"has-medium-font-size\">Plus concr\u00e8tement, et selon les initiatives de commer\u00e7ants ou d&#8217;associations, on peut \u00e9galement imaginer des cadeaux ou des avantages particuliers lors d&#8217;op\u00e9rations promotionnelles d&#8217;\u00e9v\u00e9nements culturel par exemple.<\/p>\n\n\n\n<p class=\"has-medium-font-size\">Dans tous les cas, la r\u00e9daction des contenus doit tenir compte que le premier public de l&#8217;application est, ici, &nbsp;l&#8217;habitant de la r\u00e9gion et non plus un potentiel visiteur externe.<\/p>\n","protected":false},"excerpt":{"rendered":"<p>Rester en lien&nbsp;avec l&#8217;actualit\u00e9 des associations de sa commune, \u00eatre au courant de l&#8217;offre culturelle, des initiatives de chacun, est certainement une clef pour vitaliser le sentiment d&#8217;appartenance \u00e0 une r\u00e9gion, un socle pour cultiver une convivialit\u00e9 v\u00e9cue,&nbsp; la base pour \u00eatre participe d&#8217;une \u00e9conomie&nbsp;<a class=\"read-more\" href=\"https:\/\/www.carpelocum.ch\/index.php\/pour-les-usagers\/\">&hellip;<\/a><\/p>\n","protected":false},"author":1,"featured_media":0,"parent":0,"menu_order":0,"comment_status":"closed","ping_status":"closed","template":"","meta":{"footnotes":""},"class_list":["post-40","page","type-page","status-publish","hentry"],"_links":{"self":[{"href":"https:\/\/www.carpelocum.ch\/index.php\/wp-json\/wp\/v2\/pages\/40","targetHints":{"allow":["GET"]}}],"collection":[{"href":"https:\/\/www.carpelocum.ch\/index.php\/wp-json\/wp\/v2\/pages"}],"about":[{"href":"https:\/\/www.carpelocum.ch\/index.php\/wp-json\/wp\/v2\/types\/page"}],"author":[{"embeddable":true,"href":"https:\/\/www.carpelocum.ch\/index.php\/wp-json\/wp\/v2\/users\/1"}],"replies":[{"embeddable":true,"href":"https:\/\/www.carpelocum.ch\/index.php\/wp-json\/wp\/v2\/comments?post=40"}],"version-history":[{"count":1,"href":"https:\/\/www.carpelocum.ch\/index.php\/wp-json\/wp\/v2\/pages\/40\/revisions"}],"predecessor-version":[{"id":41,"href":"https:\/\/www.carpelocum.ch\/index.php\/wp-json\/wp\/v2\/pages\/40\/revisions\/41"}],"wp:attachment":[{"href":"https:\/\/www.carpelocum.ch\/index.php\/wp-json\/wp\/v2\/media?parent=40"}],"curies":[{"name":"wp","href":"https:\/\/api.w.org\/{rel}","templated":true}]}}