{"id":497,"date":"2024-09-16T11:32:57","date_gmt":"2024-09-16T09:32:57","guid":{"rendered":"https:\/\/www.carpelocum.ch\/?page_id=497"},"modified":"2024-09-21T12:01:36","modified_gmt":"2024-09-21T10:01:36","slug":"bientot-tout-bientot-tres-bientot-vos-applications-mobiles","status":"publish","type":"page","link":"https:\/\/www.carpelocum.ch\/index.php\/bientot-tout-bientot-tres-bientot-vos-applications-mobiles\/","title":{"rendered":"Bient\u00f4t ! Tout bient\u00f4t ! Tr\u00e8s bient\u00f4t ! &#8211; vos applications mobiles"},"content":{"rendered":"\n<p class=\"has-medium-font-size\">Nous sommes heureux de vous annoncer que nos applications mobiles seront bient\u00f4t disponibles&nbsp;!  Un nouveau chapitre commence et nous vous invitons \u00e0 en \u00eatre les <strong>premiers acteurs<\/strong>.<\/p>\n\n\n\n<p class=\"has-medium-font-size\">Nous nous attachons \u00e0 faire de chacune de nos applications mobiles, <strong>une oasis de proximit\u00e9<\/strong>, <strong>un outil de convivialit\u00e9<\/strong>, <strong>un espace de communication et de d\u00e9couverte.<\/strong><\/p>\n\n\n\n<p class=\"has-medium-font-size\">Nous souhaitons offrir une nouvelle exp\u00e9rience num\u00e9rique pour mettre en valeur chaque r\u00e9gion et les acteurs qui la font vivre. Nous voulons transformer notre relation num\u00e9rique avec la ville et la r\u00e9gion que nous habitons&nbsp;; la mettre directement au creux de notre paume.<\/p>\n\n\n\n<p class=\"has-text-align-center has-medium-font-size\"><strong>Cela ne se fera pas sans vous et nous vous remercions par avance de nous accompagner dans cette belle aventure&nbsp;!<\/strong><\/p>\n\n\n\n<div class=\"wp-block-columns is-layout-flex wp-container-core-columns-is-layout-9d6595d7 wp-block-columns-is-layout-flex\">\n<div class=\"wp-block-column is-layout-flow wp-block-column-is-layout-flow\">\n<p class=\"has-text-align-center\" style=\"font-size:30px\"><strong>La Neocastelane<\/strong><\/p>\n\n\n\n<figure class=\"wp-block-image size-full\"><a href=\"https:\/\/www.carpelocum.ch\/index.php\/publication-de-la-neocastelane\/\"><img loading=\"lazy\" decoding=\"async\" width=\"760\" height=\"374\" src=\"http:\/\/www.carpelocum.ch\/wp-content\/uploads\/2023\/02\/image-8.png\" alt=\"\" class=\"wp-image-353\" srcset=\"https:\/\/www.carpelocum.ch\/wp-content\/uploads\/2023\/02\/image-8.png 760w, https:\/\/www.carpelocum.ch\/wp-content\/uploads\/2023\/02\/image-8-300x148.png 300w\" sizes=\"auto, (max-width: 760px) 100vw, 760px\" \/><\/a><\/figure>\n<\/div>\n\n\n\n<div class=\"wp-block-column is-layout-flow wp-block-column-is-layout-flow\">\n<p class=\"has-text-align-center\" style=\"font-size:30px\"><strong>L&#8217;Appliculteur<\/strong><\/p>\n\n\n\n<figure class=\"wp-block-image size-full\"><a href=\"https:\/\/www.carpelocum.ch\/index.php\/publication-de-lappliculteur\/\"><img loading=\"lazy\" decoding=\"async\" width=\"760\" height=\"374\" src=\"http:\/\/www.carpelocum.ch\/wp-content\/uploads\/2023\/02\/image-7.png\" alt=\"\" class=\"wp-image-352\" srcset=\"https:\/\/www.carpelocum.ch\/wp-content\/uploads\/2023\/02\/image-7.png 760w, https:\/\/www.carpelocum.ch\/wp-content\/uploads\/2023\/02\/image-7-300x148.png 300w\" sizes=\"auto, (max-width: 760px) 100vw, 760px\" \/><\/a><\/figure>\n<\/div>\n\n\n\n<div class=\"wp-block-column is-layout-flow wp-block-column-is-layout-flow\">\n<p class=\"has-text-align-center\" style=\"font-size:30px\"><strong>La Locloiserie<\/strong><\/p>\n\n\n\n<figure class=\"wp-block-image size-full\"><a href=\"https:\/\/www.carpelocum.ch\/index.php\/la-locloiserie-application-mobile\/\"><img loading=\"lazy\" decoding=\"async\" width=\"760\" height=\"374\" src=\"http:\/\/www.carpelocum.ch\/wp-content\/uploads\/2023\/02\/image-3.png\" alt=\"\" class=\"wp-image-343\" srcset=\"https:\/\/www.carpelocum.ch\/wp-content\/uploads\/2023\/02\/image-3.png 760w, https:\/\/www.carpelocum.ch\/wp-content\/uploads\/2023\/02\/image-3-300x148.png 300w\" sizes=\"auto, (max-width: 760px) 100vw, 760px\" \/><\/a><\/figure>\n<\/div>\n<\/div>\n\n\n\n<p><\/p>\n","protected":false},"excerpt":{"rendered":"<p>Nous sommes heureux de vous annoncer que nos applications mobiles seront bient\u00f4t disponibles&nbsp;! Un nouveau chapitre commence et nous vous invitons \u00e0 en \u00eatre les premiers acteurs. Nous nous attachons \u00e0 faire de chacune de nos applications mobiles, une oasis de proximit\u00e9, un outil de&nbsp;<a class=\"read-more\" href=\"https:\/\/www.carpelocum.ch\/index.php\/bientot-tout-bientot-tres-bientot-vos-applications-mobiles\/\">&hellip;<\/a><\/p>\n","protected":false},"author":1,"featured_media":0,"parent":0,"menu_order":0,"comment_status":"closed","ping_status":"closed","template":"","meta":{"footnotes":""},"class_list":["post-497","page","type-page","status-publish","hentry"],"_links":{"self":[{"href":"https:\/\/www.carpelocum.ch\/index.php\/wp-json\/wp\/v2\/pages\/497","targetHints":{"allow":["GET"]}}],"collection":[{"href":"https:\/\/www.carpelocum.ch\/index.php\/wp-json\/wp\/v2\/pages"}],"about":[{"href":"https:\/\/www.carpelocum.ch\/index.php\/wp-json\/wp\/v2\/types\/page"}],"author":[{"embeddable":true,"href":"https:\/\/www.carpelocum.ch\/index.php\/wp-json\/wp\/v2\/users\/1"}],"replies":[{"embeddable":true,"href":"https:\/\/www.carpelocum.ch\/index.php\/wp-json\/wp\/v2\/comments?post=497"}],"version-history":[{"count":6,"href":"https:\/\/www.carpelocum.ch\/index.php\/wp-json\/wp\/v2\/pages\/497\/revisions"}],"predecessor-version":[{"id":515,"href":"https:\/\/www.carpelocum.ch\/index.php\/wp-json\/wp\/v2\/pages\/497\/revisions\/515"}],"wp:attachment":[{"href":"https:\/\/www.carpelocum.ch\/index.php\/wp-json\/wp\/v2\/media?parent=497"}],"curies":[{"name":"wp","href":"https:\/\/api.w.org\/{rel}","templated":true}]}}