{"id":52,"date":"2022-05-28T06:52:54","date_gmt":"2022-05-28T04:52:54","guid":{"rendered":"http:\/\/www.carpelocum.ch\/?page_id=52"},"modified":"2022-05-28T06:52:54","modified_gmt":"2022-05-28T04:52:54","slug":"les-contenus","status":"publish","type":"page","link":"https:\/\/www.carpelocum.ch\/index.php\/les-contenus\/","title":{"rendered":"Les Contenus"},"content":{"rendered":"\n<p class=\"has-medium-font-size\">Les diff\u00e9rentes modalit\u00e9s d&#8217;interaction de la technologie mobile permettent des pr\u00e9sentations nouvelles et des mises en sc\u00e8ne, ou des mises en lieu, innovantes et passionnantes.<\/p>\n\n\n\n<p class=\"has-medium-font-size\">Si&nbsp;les diverses fonctionnalit\u00e9s&nbsp;port\u00e9es par&nbsp;une application offrent des formes originales, le contenu et le fond doivent, d&#8217;une part,&nbsp;se&nbsp;laisser inspirer par ces formes, puis les f\u00e9conder ou les habiter.<\/p>\n\n\n\n<p class=\"has-medium-font-size\">Cette recherche de la juste quadrature du cercle, entre&nbsp;une forme et un contenu,&nbsp;est notre passion.<\/p>\n\n\n\n<p class=\"has-medium-font-size\">Et, dans ce cadre, le travail d&#8217;\u00e9dition est un exercice interdisciplinaire \u00e0 la base des \u00e9troites collaborations que nous conduisons avec les acteurs locaux pour coproduire les contenus sp\u00e9cifiques \u00e0 chaque r\u00e9gion.<\/p>\n\n\n\n<p class=\"has-medium-font-size\">Aussi, toujours dans un esprit de convivialit\u00e9 et de valorisation du lien social, nous :<\/p>\n\n\n\n<ul class=\"has-medium-font-size wp-block-list\"><li>mettons en forme les \u00e9l\u00e9ments de base (mise en valeur des diff\u00e9rents acteurs et informations g\u00e9n\u00e9rale)<\/li><li>conseillons et accompagnons la cr\u00e9ation et la mise en espace des contenus locaux ( exemple: &#8216;les d\u00e9ambulations narratives&#8217; )<\/li><li>et \u00e9ditons nos propres contenus ou mutualisons nos protocoles au service&nbsp; d&#8217;une production locale.<\/li><\/ul>\n","protected":false},"excerpt":{"rendered":"<p>Les diff\u00e9rentes modalit\u00e9s d&#8217;interaction de la technologie mobile permettent des pr\u00e9sentations nouvelles et des mises en sc\u00e8ne, ou des mises en lieu, innovantes et passionnantes. Si&nbsp;les diverses fonctionnalit\u00e9s&nbsp;port\u00e9es par&nbsp;une application offrent des formes originales, le contenu et le fond doivent, d&#8217;une part,&nbsp;se&nbsp;laisser inspirer par ces&nbsp;<a class=\"read-more\" href=\"https:\/\/www.carpelocum.ch\/index.php\/les-contenus\/\">&hellip;<\/a><\/p>\n","protected":false},"author":1,"featured_media":0,"parent":0,"menu_order":0,"comment_status":"closed","ping_status":"closed","template":"","meta":{"footnotes":""},"class_list":["post-52","page","type-page","status-publish","hentry"],"_links":{"self":[{"href":"https:\/\/www.carpelocum.ch\/index.php\/wp-json\/wp\/v2\/pages\/52","targetHints":{"allow":["GET"]}}],"collection":[{"href":"https:\/\/www.carpelocum.ch\/index.php\/wp-json\/wp\/v2\/pages"}],"about":[{"href":"https:\/\/www.carpelocum.ch\/index.php\/wp-json\/wp\/v2\/types\/page"}],"author":[{"embeddable":true,"href":"https:\/\/www.carpelocum.ch\/index.php\/wp-json\/wp\/v2\/users\/1"}],"replies":[{"embeddable":true,"href":"https:\/\/www.carpelocum.ch\/index.php\/wp-json\/wp\/v2\/comments?post=52"}],"version-history":[{"count":1,"href":"https:\/\/www.carpelocum.ch\/index.php\/wp-json\/wp\/v2\/pages\/52\/revisions"}],"predecessor-version":[{"id":53,"href":"https:\/\/www.carpelocum.ch\/index.php\/wp-json\/wp\/v2\/pages\/52\/revisions\/53"}],"wp:attachment":[{"href":"https:\/\/www.carpelocum.ch\/index.php\/wp-json\/wp\/v2\/media?parent=52"}],"curies":[{"name":"wp","href":"https:\/\/api.w.org\/{rel}","templated":true}]}}