{"id":578,"date":"2025-07-30T09:16:58","date_gmt":"2025-07-30T07:16:58","guid":{"rendered":"https:\/\/www.carpelocum.ch\/?page_id=578"},"modified":"2025-07-30T09:21:25","modified_gmt":"2025-07-30T07:21:25","slug":"le-cellier-de-marianne","status":"publish","type":"page","link":"https:\/\/www.carpelocum.ch\/index.php\/le-cellier-de-marianne\/","title":{"rendered":"Le Cellier de Marianne"},"content":{"rendered":"\n<div class=\"wp-block-columns is-layout-flex wp-container-core-columns-is-layout-9d6595d7 wp-block-columns-is-layout-flex\">\n<div class=\"wp-block-column is-layout-flow wp-block-column-is-layout-flow\">\n<p class=\"has-medium-font-size\">L\u2019association CARPE LOCUM est particuli\u00e8rement fi\u00e8re de s\u2019\u00eatre vu confier la gestion du Cellier de Marianne. Nous sommes tr\u00e8s heureux d\u2019investir ce lieu embl\u00e9matique du Locle et nous nous attacherons \u00e0 en faire un lieu ouvert au centre de la vie sociale et culturelle de la Cit\u00e9.<\/p>\n<\/div>\n\n\n\n<div class=\"wp-block-column is-vertically-aligned-top is-layout-flow wp-block-column-is-layout-flow\"><div class=\"wp-block-image\">\n<figure class=\"alignright size-full\"><a href=\"https:\/\/lecellierdemarianne.ch\"><img loading=\"lazy\" decoding=\"async\" width=\"409\" height=\"78\" src=\"https:\/\/www.carpelocum.ch\/wp-content\/uploads\/2025\/07\/logo-cellier_INSERT.png\" alt=\"\" class=\"wp-image-580\" srcset=\"https:\/\/www.carpelocum.ch\/wp-content\/uploads\/2025\/07\/logo-cellier_INSERT.png 409w, https:\/\/www.carpelocum.ch\/wp-content\/uploads\/2025\/07\/logo-cellier_INSERT-300x57.png 300w\" sizes=\"auto, (max-width: 409px) 100vw, 409px\" \/><\/a><\/figure>\n<\/div><\/div>\n<\/div>\n\n\n\n<p class=\"has-medium-font-size\">Outre la programmation culturelle que nous mettrons en place, cet espace nous offre ainsi magnifique lieu pour pouvoir cr\u00e9er et produire nos diff\u00e9rents modules num\u00e9riques. <\/p>\n\n\n\n<p><a href=\"https:\/\/lecellierdemarianne.ch\">www.lecellierdemarianne.ch<\/a><\/p>\n\n\n\n<p><\/p>\n","protected":false},"excerpt":{"rendered":"<p>L\u2019association CARPE LOCUM est particuli\u00e8rement fi\u00e8re de s\u2019\u00eatre vu confier la gestion du Cellier de Marianne. Nous sommes tr\u00e8s heureux d\u2019investir ce lieu embl\u00e9matique du Locle et nous nous attacherons \u00e0 en faire un lieu ouvert au centre de la vie sociale et culturelle de&nbsp;<a class=\"read-more\" href=\"https:\/\/www.carpelocum.ch\/index.php\/le-cellier-de-marianne\/\">&hellip;<\/a><\/p>\n","protected":false},"author":1,"featured_media":0,"parent":0,"menu_order":0,"comment_status":"closed","ping_status":"closed","template":"","meta":{"footnotes":""},"class_list":["post-578","page","type-page","status-publish","hentry"],"_links":{"self":[{"href":"https:\/\/www.carpelocum.ch\/index.php\/wp-json\/wp\/v2\/pages\/578","targetHints":{"allow":["GET"]}}],"collection":[{"href":"https:\/\/www.carpelocum.ch\/index.php\/wp-json\/wp\/v2\/pages"}],"about":[{"href":"https:\/\/www.carpelocum.ch\/index.php\/wp-json\/wp\/v2\/types\/page"}],"author":[{"embeddable":true,"href":"https:\/\/www.carpelocum.ch\/index.php\/wp-json\/wp\/v2\/users\/1"}],"replies":[{"embeddable":true,"href":"https:\/\/www.carpelocum.ch\/index.php\/wp-json\/wp\/v2\/comments?post=578"}],"version-history":[{"count":2,"href":"https:\/\/www.carpelocum.ch\/index.php\/wp-json\/wp\/v2\/pages\/578\/revisions"}],"predecessor-version":[{"id":583,"href":"https:\/\/www.carpelocum.ch\/index.php\/wp-json\/wp\/v2\/pages\/578\/revisions\/583"}],"wp:attachment":[{"href":"https:\/\/www.carpelocum.ch\/index.php\/wp-json\/wp\/v2\/media?parent=578"}],"curies":[{"name":"wp","href":"https:\/\/api.w.org\/{rel}","templated":true}]}}